{"id":1088,"date":"2022-01-23T11:00:14","date_gmt":"2022-01-23T11:00:14","guid":{"rendered":"https:\/\/neu.feuerwehr-feistritz.at\/?page_id=1088"},"modified":"2025-01-03T16:16:20","modified_gmt":"2025-01-03T15:16:20","slug":"technische-leistungspruefung","status":"publish","type":"page","link":"https:\/\/feuerwehr-feistritz.at\/index.php\/leistungsbewerbe\/technische-leistungspruefung\/","title":{"rendered":"Technische Leistungspr\u00fcfung"},"content":{"rendered":"<p style=\"text-align: center;\">Zur weiteren Ausbildung im Sektor Technik wurde vom Landesfeuerwehrverband die Technische Leistungspr\u00fcfung ins Leben gerufen.<\/p>\n\n\n<h2 class=\"wp-block-heading has-text-align-center has-luminous-vivid-orange-color has-text-color\" id=\"technische-leistungsprufung-bronze-stufe-i\">Technische Leistungspr\u00fcfung BRONZE &#8211; Stufe I <\/h2>\n\n\n<div class=\"wp-block-image\">\n<figure class=\"aligncenter size-full\"><img loading=\"lazy\" decoding=\"async\" width=\"342\" height=\"358\" src=\"https:\/\/feuerwehr-feistritz.at\/wp-content\/uploads\/2022\/01\/TLP-Bronze.jpg\" alt=\"\" class=\"wp-image-1324\" srcset=\"https:\/\/feuerwehr-feistritz.at\/wp-content\/uploads\/2022\/01\/TLP-Bronze.jpg 342w, https:\/\/feuerwehr-feistritz.at\/wp-content\/uploads\/2022\/01\/TLP-Bronze-287x300.jpg 287w\" sizes=\"auto, (max-width: 342px) 100vw, 342px\" \/><\/figure>\n<\/div>\n\n<p>In der ersten Kategorie um den Erwerb des Technischen Leistungsabzeichen werden diese in 4 Stationen unterteilt. Bei dieser Kategorie wird jeder Teilnehmer einzeln bewertet.<\/p>\n<p>Die erste Station beinhaltet einen Multiple-Choice Test wo aus einem Fragenkatalog von 30 Fragen 10 Fragen innerhalb von 10 Minuten richtig beantwortet werden m\u00fcssen.<\/p>\n<p>Bei der Station 2 wird das praktische Arbeiten mit einer Tragkaftspritze (TS) bewertet. So sind innerhalb von 12 Minuten die Inbetriebnahme der TS durchzuf\u00fchren, einen m\u00f6glichen Staudruck zu erkennen sowie das richtige Verhalten bei einer weiteren Wasserabnahme, eines Schlauchplatzers oder keine Wasserzufuhr zu kontrollieren und gegebenenfalls einzugreifen.<\/p>\n<p>Notstromaggregate, Tauch und Schmutzwasserpumpen werden in der Station 3 bewertet. So m\u00fcssen die Teilnehmer ein Notstromaggregat mit Beleuchtung in Betrieb nehmen, Tauchpumpen ordnungsgem\u00e4\u00df bedienen und benzinbetribene Schmutzwasserpumpen bedienen.<\/p>\n<p>In der letzten Station (4) wird nochmals theoretisches Wissen abgefragt. So haben die Teilnehmer anhand von 5 vorbereiteten \u201eBegriffspaketen\u201c zu w\u00e4hlen. In jedem Begriffspaket befinden sich 5 Begriffe und 10 Zuordnungen worin die Aufgabe des Teilnehmers darin besteht diese innerhalb von 3 Minuten zum richtigen Begriff zuzuordnen.<\/p>\n<p>Wenn der Teilnehmer alle 4 Stationen positiv abgeschlossen hat, kann er das begehrte Technische Leistungsabzeichen in Bonze in den H\u00e4nden halten.<\/p>\n<p><strong>Hier d\u00fcrfen wir bereits 9 Kameraden herzlich dazu gratulieren:<\/strong><\/p>\n<p>Steiner Josef, Knaflitsch Rene, Winkler Johannes, Gaggl Thomas<\/p>\n<p>Ganzer Florian, Krenn Felizian, Warmuth Nico, Winkler Jakob jun.\u00a0<\/p>\n<p>Kuttin Peter absolvierte diese im Zuge der Bewerterausbildung f\u00fcr die Technische Leistungspr\u00fcfung<\/p>\n\n<div  id=\"jtg-1316\" class=\"modula modula-gallery modula-custom-grid\" data-config=\"{&quot;height&quot;:800,&quot;tabletHeight&quot;:800,&quot;mobileHeight&quot;:800,&quot;desktopHeight&quot;:800,&quot;enableTwitter&quot;:false,&quot;enableWhatsapp&quot;:false,&quot;enableFacebook&quot;:false,&quot;enablePinterest&quot;:false,&quot;enableLinkedin&quot;:false,&quot;enableEmail&quot;:false,&quot;randomFactor&quot;:0.5,&quot;type&quot;:&quot;custom-grid&quot;,&quot;columns&quot;:12,&quot;gutter&quot;:10,&quot;mobileGutter&quot;:10,&quot;tabletGutter&quot;:10,&quot;desktopGutter&quot;:10,&quot;enableResponsive&quot;:&quot;0&quot;,&quot;tabletColumns&quot;:&quot;2&quot;,&quot;mobileColumns&quot;:&quot;1&quot;,&quot;lazyLoad&quot;:0,&quot;lightboxOpts&quot;:{&quot;animated&quot;:true,&quot;Thumbs&quot;:{&quot;type&quot;:&quot;modern&quot;,&quot;showOnStart&quot;:false},&quot;Toolbar&quot;:{&quot;display&quot;:{&quot;right&quot;:[&quot;close&quot;]},&quot;enabled&quot;:true},&quot;Carousel&quot;:{&quot;Panzoom&quot;:{&quot;touch&quot;:true},&quot;infinite&quot;:false},&quot;keyboard&quot;:{&quot;Escape&quot;:&quot;close&quot;,&quot;Delete&quot;:&quot;close&quot;,&quot;Backspace&quot;:&quot;close&quot;,&quot;PageUp&quot;:false,&quot;PageDown&quot;:false,&quot;ArrowUp&quot;:false,&quot;ArrowDown&quot;:false,&quot;ArrowRight&quot;:false,&quot;ArrowLeft&quot;:false},&quot;touch&quot;:false,&quot;backdropClick&quot;:false,&quot;l10n&quot;:{&quot;CLOSE&quot;:&quot;Close&quot;,&quot;NEXT&quot;:&quot;Next&quot;,&quot;PREV&quot;:&quot;Previous&quot;,&quot;Error&quot;:&quot;The requested content cannot be loaded. Please try again later.&quot;,&quot;PLAY_START&quot;:&quot;Start slideshow&quot;,&quot;PLAY_STOP&quot;:&quot;Pause slideshow&quot;,&quot;FULL_SCREEN&quot;:&quot;Full screen&quot;,&quot;THUMBS&quot;:&quot;Thumbnails&quot;,&quot;DOWNLOAD&quot;:&quot;Download&quot;,&quot;SHARE&quot;:&quot;Share&quot;,&quot;ZOOM&quot;:&quot;Zoom&quot;,&quot;EMAIL&quot;:&quot;Here is the link to the image : %%image_link%% and this is the link to the gallery : %%gallery_link%%&quot;,&quot;MODAL&quot;:&quot;You can close this modal content with the ESC key&quot;,&quot;ERROR&quot;:&quot;Something Went Wrong, Please Try Again Later&quot;,&quot;IMAGE_ERROR&quot;:&quot;Image Not Found&quot;,&quot;ELEMENT_NOT_FOUND&quot;:&quot;HTML Element Not Found&quot;,&quot;AJAX_NOT_FOUND&quot;:&quot;Error Loading AJAX : Not Found&quot;,&quot;AJAX_FORBIDDEN&quot;:&quot;Error Loading AJAX : Forbidden&quot;,&quot;IFRAME_ERROR&quot;:&quot;Error Loading Page&quot;,&quot;TOGGLE_ZOOM&quot;:&quot;Toggle zoom level&quot;,&quot;TOGGLE_THUMBS&quot;:&quot;Toggle thumbnails&quot;,&quot;TOGGLE_SLIDESHOW&quot;:&quot;Toggle slideshow&quot;,&quot;TOGGLE_FULLSCREEN&quot;:&quot;Toggle full-screen mode&quot;},&quot;Images&quot;:{&quot;Panzoom&quot;:{&quot;maxScale&quot;:2}},&quot;mainClass&quot;:&quot;modula-fancybox-container modula-lightbox-jtg-1316&quot;,&quot;Html&quot;:{&quot;videoAutoplay&quot;:0,&quot;videoTpl&quot;:&quot;&lt;video class=\\&quot;fancybox__html5video\\&quot; controls muted playsinline controlsList controlsList=\\&quot;nodownload\\&quot; poster=\\&quot;{{poster}}\\&quot; src=\\&quot;{{src}}\\&quot; type=\\&quot;{{format}}\\&quot; &gt;  Sorry, your browser doesn&#039;t support embedded videos, &lt;a href=\\&quot;{{src}}\\&quot;&gt; download &lt;\\\/a&gt; and watch with your favorite video player! &lt;\\\/video&gt;&quot;}},&quot;inView&quot;:true,&quot;email_subject&quot;:&quot;Check out this awesome image !!&quot;,&quot;email_message&quot;:&quot;Here is the link to the image : %%image_link%% and this is the link to the gallery : %%gallery_link%%&quot;,&quot;lightbox&quot;:&quot;fancybox&quot;}\">\n\n\t\n\t<div  class=\"modula-items\">\n\t\t<div class=\"modula-item\" data-width=\"2\" data-height=\"2\" >\n\t<div class=\"modula-item-content\">\n\t\t\n\t\t\t\t\t<a data-image-id=\"1318\" role=\"button\" tabindex=\"0\" rel=\"jtg-1316\" data-caption=\"\" aria-label=\"Open image in lightbox\" class=\"tile-inner modula-item-link\"><\/a>\n\t\t\n\t\t<img loading=\"lazy\" decoding=\"async\" class=\"pic wp-image-1318\"  data-valign=\"middle\" data-halign=\"center\" alt=\"\" data-full=\"https:\/\/feuerwehr-feistritz.at\/wp-content\/uploads\/2022\/01\/21192133_10155703338153011_165833218867990125_n.jpg\" title=\"21192133_10155703338153011_165833218867990125_n\" crop=\"\" width=\"300\" height=\"225\" src=\"https:\/\/feuerwehr-feistritz.at\/wp-content\/uploads\/2022\/01\/21192133_10155703338153011_165833218867990125_n-300x225.jpg\" data-src=\"https:\/\/feuerwehr-feistritz.at\/wp-content\/uploads\/2022\/01\/21192133_10155703338153011_165833218867990125_n-300x225.jpg\" data-caption=\"\" srcset=\"https:\/\/feuerwehr-feistritz.at\/wp-content\/uploads\/2022\/01\/21192133_10155703338153011_165833218867990125_n.jpg 960w, https:\/\/feuerwehr-feistritz.at\/wp-content\/uploads\/2022\/01\/21192133_10155703338153011_165833218867990125_n-300x225.jpg 300w, https:\/\/feuerwehr-feistritz.at\/wp-content\/uploads\/2022\/01\/21192133_10155703338153011_165833218867990125_n-768x576.jpg 768w, https:\/\/feuerwehr-feistritz.at\/wp-content\/uploads\/2022\/01\/21192133_10155703338153011_165833218867990125_n-900x675.jpg 900w, https:\/\/feuerwehr-feistritz.at\/wp-content\/uploads\/2022\/01\/21192133_10155703338153011_165833218867990125_n-500x375.jpg 500w\" sizes=\"auto, (max-width: 300px) 100vw, 300px\" \/>\n\t<\/div>\n\n<\/div><div class=\"modula-item\" data-width=\"2\" data-height=\"2\" >\n\t<div class=\"modula-item-content\">\n\t\t\n\t\t\t\t\t<a data-image-id=\"1317\" role=\"button\" tabindex=\"0\" rel=\"jtg-1316\" data-caption=\"\" aria-label=\"Open image in lightbox\" class=\"tile-inner modula-item-link\"><\/a>\n\t\t\n\t\t<img loading=\"lazy\" decoding=\"async\" class=\"pic wp-image-1317\"  data-valign=\"middle\" data-halign=\"center\" alt=\"\" data-full=\"https:\/\/feuerwehr-feistritz.at\/wp-content\/uploads\/2022\/01\/21151705_10155703338323011_6389094546756141350_n.jpg\" title=\"21151705_10155703338323011_6389094546756141350_n\" crop=\"\" width=\"300\" height=\"225\" src=\"https:\/\/feuerwehr-feistritz.at\/wp-content\/uploads\/2022\/01\/21151705_10155703338323011_6389094546756141350_n-300x225.jpg\" data-src=\"https:\/\/feuerwehr-feistritz.at\/wp-content\/uploads\/2022\/01\/21151705_10155703338323011_6389094546756141350_n-300x225.jpg\" data-caption=\"\" srcset=\"https:\/\/feuerwehr-feistritz.at\/wp-content\/uploads\/2022\/01\/21151705_10155703338323011_6389094546756141350_n.jpg 960w, https:\/\/feuerwehr-feistritz.at\/wp-content\/uploads\/2022\/01\/21151705_10155703338323011_6389094546756141350_n-300x225.jpg 300w, https:\/\/feuerwehr-feistritz.at\/wp-content\/uploads\/2022\/01\/21151705_10155703338323011_6389094546756141350_n-768x576.jpg 768w, https:\/\/feuerwehr-feistritz.at\/wp-content\/uploads\/2022\/01\/21151705_10155703338323011_6389094546756141350_n-900x675.jpg 900w, https:\/\/feuerwehr-feistritz.at\/wp-content\/uploads\/2022\/01\/21151705_10155703338323011_6389094546756141350_n-500x375.jpg 500w\" sizes=\"auto, (max-width: 300px) 100vw, 300px\" \/>\n\t<\/div>\n\n<\/div><div class=\"modula-item\" data-width=\"2\" data-height=\"2\" >\n\t<div class=\"modula-item-content\">\n\t\t\n\t\t\t\t\t<a data-image-id=\"1320\" role=\"button\" tabindex=\"0\" rel=\"jtg-1316\" data-caption=\"\" aria-label=\"Open image in lightbox\" class=\"tile-inner modula-item-link\"><\/a>\n\t\t\n\t\t<img loading=\"lazy\" decoding=\"async\" class=\"pic wp-image-1320\"  data-valign=\"middle\" data-halign=\"center\" alt=\"\" data-full=\"https:\/\/feuerwehr-feistritz.at\/wp-content\/uploads\/2022\/01\/21192589_10155703338453011_2211517896635802693_n.jpg\" title=\"21192589_10155703338453011_2211517896635802693_n\" crop=\"\" width=\"300\" height=\"180\" src=\"https:\/\/feuerwehr-feistritz.at\/wp-content\/uploads\/2022\/01\/21192589_10155703338453011_2211517896635802693_n-300x180.jpg\" data-src=\"https:\/\/feuerwehr-feistritz.at\/wp-content\/uploads\/2022\/01\/21192589_10155703338453011_2211517896635802693_n-300x180.jpg\" data-caption=\"\" srcset=\"https:\/\/feuerwehr-feistritz.at\/wp-content\/uploads\/2022\/01\/21192589_10155703338453011_2211517896635802693_n.jpg 960w, https:\/\/feuerwehr-feistritz.at\/wp-content\/uploads\/2022\/01\/21192589_10155703338453011_2211517896635802693_n-300x180.jpg 300w, https:\/\/feuerwehr-feistritz.at\/wp-content\/uploads\/2022\/01\/21192589_10155703338453011_2211517896635802693_n-768x461.jpg 768w, https:\/\/feuerwehr-feistritz.at\/wp-content\/uploads\/2022\/01\/21192589_10155703338453011_2211517896635802693_n-900x540.jpg 900w, https:\/\/feuerwehr-feistritz.at\/wp-content\/uploads\/2022\/01\/21192589_10155703338453011_2211517896635802693_n-500x300.jpg 500w\" sizes=\"auto, (max-width: 300px) 100vw, 300px\" \/>\n\t<\/div>\n\n<\/div><div class=\"modula-item\" data-width=\"2\" data-height=\"2\" >\n\t<div class=\"modula-item-content\">\n\t\t\n\t\t\t\t\t<a data-image-id=\"1321\" role=\"button\" tabindex=\"0\" rel=\"jtg-1316\" data-caption=\"\" aria-label=\"Open image in lightbox\" class=\"tile-inner modula-item-link\"><\/a>\n\t\t\n\t\t<img loading=\"lazy\" decoding=\"async\" class=\"pic wp-image-1321\"  data-valign=\"middle\" data-halign=\"center\" alt=\"\" data-full=\"https:\/\/feuerwehr-feistritz.at\/wp-content\/uploads\/2022\/01\/21231051_10155703338583011_7968596587812366002_n.jpg\" title=\"21231051_10155703338583011_7968596587812366002_n\" crop=\"\" width=\"300\" height=\"225\" src=\"https:\/\/feuerwehr-feistritz.at\/wp-content\/uploads\/2022\/01\/21231051_10155703338583011_7968596587812366002_n-300x225.jpg\" data-src=\"https:\/\/feuerwehr-feistritz.at\/wp-content\/uploads\/2022\/01\/21231051_10155703338583011_7968596587812366002_n-300x225.jpg\" data-caption=\"\" srcset=\"https:\/\/feuerwehr-feistritz.at\/wp-content\/uploads\/2022\/01\/21231051_10155703338583011_7968596587812366002_n.jpg 960w, https:\/\/feuerwehr-feistritz.at\/wp-content\/uploads\/2022\/01\/21231051_10155703338583011_7968596587812366002_n-300x225.jpg 300w, https:\/\/feuerwehr-feistritz.at\/wp-content\/uploads\/2022\/01\/21231051_10155703338583011_7968596587812366002_n-768x576.jpg 768w, https:\/\/feuerwehr-feistritz.at\/wp-content\/uploads\/2022\/01\/21231051_10155703338583011_7968596587812366002_n-900x675.jpg 900w, https:\/\/feuerwehr-feistritz.at\/wp-content\/uploads\/2022\/01\/21231051_10155703338583011_7968596587812366002_n-500x375.jpg 500w\" sizes=\"auto, (max-width: 300px) 100vw, 300px\" \/>\n\t<\/div>\n\n<\/div><div class=\"modula-item\" data-width=\"2\" data-height=\"2\" >\n\t<div class=\"modula-item-content\">\n\t\t\n\t\t\t\t\t<a data-image-id=\"1322\" role=\"button\" tabindex=\"0\" rel=\"jtg-1316\" data-caption=\"\" aria-label=\"Open image in lightbox\" class=\"tile-inner modula-item-link\"><\/a>\n\t\t\n\t\t<img loading=\"lazy\" decoding=\"async\" class=\"pic wp-image-1322\"  data-valign=\"middle\" data-halign=\"center\" alt=\"\" data-full=\"https:\/\/feuerwehr-feistritz.at\/wp-content\/uploads\/2022\/01\/21271201_10155703338248011_8383235892239786119_n.jpg\" title=\"21271201_10155703338248011_8383235892239786119_n\" crop=\"\" width=\"225\" height=\"300\" src=\"https:\/\/feuerwehr-feistritz.at\/wp-content\/uploads\/2022\/01\/21271201_10155703338248011_8383235892239786119_n-225x300.jpg\" data-src=\"https:\/\/feuerwehr-feistritz.at\/wp-content\/uploads\/2022\/01\/21271201_10155703338248011_8383235892239786119_n-225x300.jpg\" data-caption=\"\" srcset=\"https:\/\/feuerwehr-feistritz.at\/wp-content\/uploads\/2022\/01\/21271201_10155703338248011_8383235892239786119_n.jpg 720w, https:\/\/feuerwehr-feistritz.at\/wp-content\/uploads\/2022\/01\/21271201_10155703338248011_8383235892239786119_n-225x300.jpg 225w, https:\/\/feuerwehr-feistritz.at\/wp-content\/uploads\/2022\/01\/21271201_10155703338248011_8383235892239786119_n-500x667.jpg 500w\" sizes=\"auto, (max-width: 225px) 100vw, 225px\" \/>\n\t<\/div>\n\n<\/div><div class=\"modula-item\" data-width=\"2\" data-height=\"2\" >\n\t<div class=\"modula-item-content\">\n\t\t\n\t\t\t\t\t<a data-image-id=\"1319\" role=\"button\" tabindex=\"0\" rel=\"jtg-1316\" data-caption=\"\" aria-label=\"Open image in lightbox\" class=\"tile-inner modula-item-link\"><\/a>\n\t\t\n\t\t<img loading=\"lazy\" decoding=\"async\" class=\"pic wp-image-1319\"  data-valign=\"middle\" data-halign=\"center\" alt=\"\" data-full=\"https:\/\/feuerwehr-feistritz.at\/wp-content\/uploads\/2022\/01\/21192254_10155703338513011_4829318664759165746_n.jpg\" title=\"21192254_10155703338513011_4829318664759165746_n\" crop=\"\" width=\"300\" height=\"225\" src=\"https:\/\/feuerwehr-feistritz.at\/wp-content\/uploads\/2022\/01\/21192254_10155703338513011_4829318664759165746_n-300x225.jpg\" data-src=\"https:\/\/feuerwehr-feistritz.at\/wp-content\/uploads\/2022\/01\/21192254_10155703338513011_4829318664759165746_n-300x225.jpg\" data-caption=\"\" srcset=\"https:\/\/feuerwehr-feistritz.at\/wp-content\/uploads\/2022\/01\/21192254_10155703338513011_4829318664759165746_n.jpg 960w, https:\/\/feuerwehr-feistritz.at\/wp-content\/uploads\/2022\/01\/21192254_10155703338513011_4829318664759165746_n-300x225.jpg 300w, https:\/\/feuerwehr-feistritz.at\/wp-content\/uploads\/2022\/01\/21192254_10155703338513011_4829318664759165746_n-768x576.jpg 768w, https:\/\/feuerwehr-feistritz.at\/wp-content\/uploads\/2022\/01\/21192254_10155703338513011_4829318664759165746_n-900x675.jpg 900w, https:\/\/feuerwehr-feistritz.at\/wp-content\/uploads\/2022\/01\/21192254_10155703338513011_4829318664759165746_n-500x375.jpg 500w\" sizes=\"auto, (max-width: 300px) 100vw, 300px\" \/>\n\t<\/div>\n\n<\/div>\t\t\n\t<\/div>\n\n\t\n\t\n\t<script type=\"application\/ld+json\">\n\t{\n\t\t\"@context\": \"http:\/\/schema.org\",\n\t\t\"@type\"   : \"ImageGallery\",\n\t\t\"id\"      : \"https:\/\/feuerwehr-feistritz.at\/index.php\/leistungsbewerbe\/technische-leistungspruefung\/\",\n\t\t\"url\"     : \"https:\/\/feuerwehr-feistritz.at\/index.php\/leistungsbewerbe\/technische-leistungspruefung\/\"\n\t}\n\n\t<\/script>\n\n\t\n<\/div>\n\n\n\n\n<h2 class=\"wp-block-heading has-text-align-center has-cyan-bluish-gray-color has-text-color\" id=\"technische-leistungsprufung-silber-stufe-ii\">Technische Leistungspr\u00fcfung SILBER &#8211; Stufe II<\/h2>\n\n\n<div class=\"wp-block-image\">\n<figure class=\"aligncenter size-full\"><img loading=\"lazy\" decoding=\"async\" width=\"357\" height=\"399\" src=\"https:\/\/feuerwehr-feistritz.at\/wp-content\/uploads\/2022\/01\/TLP-Silber.jpg\" alt=\"\" class=\"wp-image-1325\" srcset=\"https:\/\/feuerwehr-feistritz.at\/wp-content\/uploads\/2022\/01\/TLP-Silber.jpg 357w, https:\/\/feuerwehr-feistritz.at\/wp-content\/uploads\/2022\/01\/TLP-Silber-268x300.jpg 268w\" sizes=\"auto, (max-width: 357px) 100vw, 357px\" \/><\/figure>\n<\/div>\n\n<p>Bei dieser Kategorie werden die Stationen in einer Gruppe zu 5 Teilnehmern durchgef\u00fchrt.<\/p>\n<p>Ebenso wie die Leistungspr\u00fcfung in Bronze wird bei der Station 1 das theoretische Wissen Abgefragt. So sind innerhalb von 10 Minuten 15 Fragen aus einem Katalog mit 45 Fragen richtig zu beantworten.<\/p>\n<p>An der Station 2 muss innerhalb von 5 Minuten eine Person unter einem PKW befreit werden. Aufbauen einer Beleuchtung, Sicherung des Fahrzeuges mittels R\u00fcstholz, heben des Fahrzeuges mittels Hebekissen und anschlie\u00dfend befreien der Person aus der Misslichen Lage f\u00fchren zum positiven Abschluss dieser Station.<\/p>\n<p>Sicherung eines PKWs wird bei der 3. Station bewertet. So m\u00fcssen die Teilnehmer einen PKW, welcher abzust\u00fcrzen droht, mittels Greifzug sichern. Hierbei d\u00fcrfen die Teilnehmer aber auch nicht auf den n\u00f6tigen Brandschutz sowie auf die Erstsicherung des PKWs und die Eigensicherung des Teilnehmers vergessen. Ist die Station innerhalb von 4 Minuten erledigt und keine weiteren Fehler feststellbar so kann diese als positiv abgeschlossen angesehen werden.<\/p>\n<p>Station 4 wird die schnelle Rettung einer Person aus einem steilen Gel\u00e4nde bewertet. Die Teilnehmer m\u00fcssen mithilfe von Sicherungsseilen und einer Schleifkorbtrage zum einen die Eigensicherung herstellen, zum anderen die Rettung der Person unfallfrei durchf\u00fchren.<\/p>\n<p>Wenn die Teilnehmer alle 4 Stationen positiv abgeschlossen hat, kann er das begehrte Technische Leistungsabzeichen in Silber in den H\u00e4nden halten.<\/p>\n<p><strong>Hier d\u00fcrfen wir bereits 1 Kameraden herzlich dazu gratulieren:<\/strong><\/p>\n<p>Kuttin Peter absolvierte diese im Zuge der Bewerterausbildung f\u00fcr die Technische Leistungspr\u00fcfung<\/p>\n\n\n<h2 class=\"wp-block-heading has-text-align-center has-luminous-vivid-amber-color has-text-color\" id=\"technische-leistungsprufung-gold-stufe-iii\">Technische Leistungspr\u00fcfung GOLD &#8211; Stufe III<\/h2>\n\n\n<p style=\"text-align: center;\">Diese wird derzeit vom K\u00e4rntner Landesfeuerwehrverband ausgearbeitet.<\/p>","protected":false},"excerpt":{"rendered":"<p>Zur weiteren Ausbildung im Sektor Technik wurde vom Landesfeuerwehrverband die [&hellip;]<\/p>\n","protected":false},"author":2,"featured_media":0,"parent":223,"menu_order":23,"comment_status":"closed","ping_status":"closed","template":"","meta":{"pgc_sgb_lightbox_settings":"","footnotes":""},"categories":[],"tags":[],"class_list":{"0":"post-1088","1":"page","2":"type-page","3":"status-publish","5":"col-md-4 col-sm-4"},"_links":{"self":[{"href":"https:\/\/feuerwehr-feistritz.at\/index.php\/wp-json\/wp\/v2\/pages\/1088","targetHints":{"allow":["GET"]}}],"collection":[{"href":"https:\/\/feuerwehr-feistritz.at\/index.php\/wp-json\/wp\/v2\/pages"}],"about":[{"href":"https:\/\/feuerwehr-feistritz.at\/index.php\/wp-json\/wp\/v2\/types\/page"}],"author":[{"embeddable":true,"href":"https:\/\/feuerwehr-feistritz.at\/index.php\/wp-json\/wp\/v2\/users\/2"}],"replies":[{"embeddable":true,"href":"https:\/\/feuerwehr-feistritz.at\/index.php\/wp-json\/wp\/v2\/comments?post=1088"}],"version-history":[{"count":4,"href":"https:\/\/feuerwehr-feistritz.at\/index.php\/wp-json\/wp\/v2\/pages\/1088\/revisions"}],"predecessor-version":[{"id":5739,"href":"https:\/\/feuerwehr-feistritz.at\/index.php\/wp-json\/wp\/v2\/pages\/1088\/revisions\/5739"}],"up":[{"embeddable":true,"href":"https:\/\/feuerwehr-feistritz.at\/index.php\/wp-json\/wp\/v2\/pages\/223"}],"wp:attachment":[{"href":"https:\/\/feuerwehr-feistritz.at\/index.php\/wp-json\/wp\/v2\/media?parent=1088"}],"wp:term":[{"taxonomy":"category","embeddable":true,"href":"https:\/\/feuerwehr-feistritz.at\/index.php\/wp-json\/wp\/v2\/categories?post=1088"},{"taxonomy":"post_tag","embeddable":true,"href":"https:\/\/feuerwehr-feistritz.at\/index.php\/wp-json\/wp\/v2\/tags?post=1088"}],"curies":[{"name":"wp","href":"https:\/\/api.w.org\/{rel}","templated":true}]}}