{"id":204,"date":"2021-12-23T17:12:07","date_gmt":"2021-12-23T17:12:07","guid":{"rendered":"https:\/\/neu.feuerwehr-feistritz.at\/?page_id=204"},"modified":"2024-01-02T20:32:22","modified_gmt":"2024-01-02T19:32:22","slug":"ueber-uns","status":"publish","type":"page","link":"https:\/\/feuerwehr-feistritz.at\/index.php\/aktuelles-2\/ueber-uns\/","title":{"rendered":"R\u00fcsthaus"},"content":{"rendered":"<p>[vc_row content_placement=&#8220;middle&#8220;][vc_column]<div data-id='2381631518' data-background-color='' data-icon-color='#000' data-heading-color='#000000' data-border-color='#dd0000' data-icon-position='left' data-heading-position='center' data-heading-tags='h3' class='bit-pb-heading'><h3  class=' full-bordered bit14-heading' style=''>R\u00fcsthaus<\/h3><\/div><style>\r\n                            .bit-pb-heading[data-id=\"2381631518\"] h3.full-bordered:before,\r\n                            .bit-pb-heading[data-id=\"2381631518\"] h3.full-bordered:after{\r\n                                border-color: #dd0000;\r\n                            }\r\n                        <\/style>[\/vc_column][\/vc_row][vc_row content_placement=&#8220;top&#8220;][vc_column][vc_single_image image=&#8220;923&#8243; img_size=&#8220;large&#8220; alignment=&#8220;center&#8220; style=&#8220;vc_box_rounded&#8220; onclick=&#8220;zoom&#8220; css_animation=&#8220;none&#8220;][\/vc_column][\/vc_row][vc_row content_placement=&#8220;middle&#8220;][vc_column]<div data-id='4034845434' data-background-color='' data-icon-color='#000' data-heading-color='#000000' data-border-color='#dd0000' data-icon-position='left' data-heading-position='left' data-heading-tags='h3' class='bit-pb-heading'><h3  class=' full-bordered left-align bit14-heading' style=''>Schulungsraum<\/h3><\/div><style>\r\n                            .bit-pb-heading[data-id=\"4034845434\"] h3.full-bordered:before,\r\n                            .bit-pb-heading[data-id=\"4034845434\"] h3.full-bordered:after{\r\n                                border-color: #dd0000;\r\n                            }\r\n                        <\/style>[vc_column_text]Der Schulungsraum befindet sich im Dachgeschoss des R\u00fcsthauses, und wurde 2004 modernisiert.<\/p>\n<p>Er dient zum einen als Schulungsraum f\u00fcr die Feuerwehrmitglieder, zum Anderen wird dieser auch f\u00fcr die Jahreshauptversammlung und als Krisenraum f\u00fcr Gro\u00dfeins\u00e4tze genutzt.<\/p>\n<p>Ebenso finden sich an den W\u00e4nden des Schulungsraumes auch viele Urkunden und Auszeichnungen von den Leistungsbewerben seit dem Jahr 1906. Auch eine Sammlung an alten Feuerwehrhelmen und die Feuerwehrfahne, welche bereits seit 1906 bei der Feuerwehr Feistritz\/Drau beheimatet ist, finden hier Platz.<\/p>\n<p>&nbsp;[\/vc_column_text][vc_gallery interval=&#8220;5&#8243; images=&#8220;998,999,1000,1001,1002,1003,1004,1005,1006&#8243; img_size=&#8220;large&#8220; onclick=&#8220;&#8220;][\/vc_column][\/vc_row][vc_row content_placement=&#8220;middle&#8220;][vc_column]<div data-id='2993118686' data-background-color='' data-icon-color='#000' data-heading-color='#000000' data-border-color='#dd0000' data-icon-position='left' data-heading-position='center' data-heading-tags='h3' class='bit-pb-heading'><h3  class=' full-bordered bit14-heading' style=''>Funkraum<\/h3><\/div><style>\r\n                            .bit-pb-heading[data-id=\"2993118686\"] h3.full-bordered:before,\r\n                            .bit-pb-heading[data-id=\"2993118686\"] h3.full-bordered:after{\r\n                                border-color: #dd0000;\r\n                            }\r\n                        <\/style>[vc_column_text]Der Funkraum befindet sich im 1. Stock des R\u00fcsthauses. Neben Funkgespr\u00e4chen w\u00e4hrend eines Einsatzes oder \u00dcbung werden auch die Schriftf\u00fchrert\u00e4tigkeiten abgewickelt.<\/p>\n<p>Seit dem Jahre 1957 befindet sich im R\u00fcsthaus ein Funkraum welcher 1985 mit einem fix installierten Funkger\u00e4tes ausgestattet wurde.<\/p>\n<p>2019 wurde abermals eine Erneuerung durchgef\u00fchrt. So wurde ein neuer Boden, neue Verbauungen f\u00fcr die Funkger\u00e4te und Technik eingebaut und ein Einsatzleitsystem in Eigenproduktion eines Kameraden, welches uns bereits mehrfach bei der Abwicklung von vielen Eins\u00e4tzen \u00fcnterst\u00fctzt hat, installiert.<\/p>\n<p>&nbsp;<\/p>\n<p>&nbsp;[\/vc_column_text][vc_gallery interval=&#8220;5&#8243; images=&#8220;583,1009,1010,1011,1012&#8243; img_size=&#8220;large&#8220; onclick=&#8220;&#8220;][\/vc_column][\/vc_row][vc_row content_placement=&#8220;middle&#8220;][vc_column]<div data-id='2402569201' data-background-color='' data-icon-color='#000' data-heading-color='#000000' data-border-color='#dd0000' data-icon-position='left' data-heading-position='right' data-heading-tags='h3' class='bit-pb-heading'><h3  class=' full-bordered right-align bit14-heading' style=''>Umkleideraum<\/h3><\/div><style>\r\n                            .bit-pb-heading[data-id=\"2402569201\"] h3.full-bordered:before,\r\n                            .bit-pb-heading[data-id=\"2402569201\"] h3.full-bordered:after{\r\n                                border-color: #dd0000;\r\n                            }\r\n                        <\/style>[vc_column_text]Hinter der Fahrzeughalle im Ergeschoss gelegen befindet sich die Bekleidungen der Feuerwehrm\u00e4nner und Frauen in Holzspinden welche 1991 von den Kameraden aufgebaut worden ist.<\/p>\n<p>Dazu z\u00e4hlen die Einsatzstiefel, Einsatzhose und Jacke, Handschuhe und Helm sowie nach den Bed\u00fcrfnissen des einzelen Mitgliedes weitere Gegenst\u00e4nde und Ausr\u00fcstung<\/p>\n<p>&nbsp;[\/vc_column_text][vc_gallery interval=&#8220;5&#8243; images=&#8220;1015,1016&#8243; img_size=&#8220;large&#8220; onclick=&#8220;&#8220;][\/vc_column][\/vc_row][vc_row content_placement=&#8220;middle&#8220;][vc_column]<div data-id='2140167188' data-background-color='' data-icon-color='#000' data-heading-color='#000000' data-border-color='#dd0000' data-icon-position='left' data-heading-position='left' data-heading-tags='h3' class='bit-pb-heading'><h3  class=' full-bordered left-align bit14-heading' style=''>Fahrzeughalle<\/h3><\/div><style>\r\n                            .bit-pb-heading[data-id=\"2140167188\"] h3.full-bordered:before,\r\n                            .bit-pb-heading[data-id=\"2140167188\"] h3.full-bordered:after{\r\n                                border-color: #dd0000;\r\n                            }\r\n                        <\/style>[vc_column_text]5 Fahrzeuge finden sich in der Fahrzeughalle ein.<\/p>\n<p>Im Altbau des Feuerwehrhauses befindet sich das RLFA 2000, Mehrzeckanh\u00e4nger, KRFS und KLFA ein.<\/p>\n<p>Treibstoff- und Ersatzteilregal, Heuwerhrger\u00e4t, Sands\u00e4cke und Waldbrandr\u00fcckenspritzen werden gelagert.<\/p>\n<p>2019 wurde auch im Zuge der Modernisierung des Funkraumes auch ein Einsatzmonitor installiert. Dieser gibt im Einsatzfall Erstinformationen f\u00fcr die anr\u00fcckende Mannschaft \u00fcber den genauen Einsatzort und die Mannschaft welche zum Einsatz kommen.<\/p>\n<p>Im Zubau welcher 1993 errichtet wurde befindet sich die Drehleiter und der TLFA 4000.<\/p>\n<p>Reseveschl\u00e4uche werden im Zwischengang auf einem Regal gelagert.<\/p>\n<p>&nbsp;[\/vc_column_text][vc_gallery interval=&#8220;5&#8243; images=&#8220;1018,1019,1020,1021,1022,1023,1024,1025&#8243; img_size=&#8220;large&#8220; onclick=&#8220;&#8220;][\/vc_column][\/vc_row][vc_row content_placement=&#8220;middle&#8220;][vc_column]<div data-id='2318556544' data-background-color='' data-icon-color='#000' data-heading-color='#000000' data-border-color='#dd0000' data-icon-position='left' data-heading-position='center' data-heading-tags='h3' class='bit-pb-heading'><h3  class=' full-bordered bit14-heading' style=''>Kameradschaftsraum<\/h3><\/div><style>\r\n                            .bit-pb-heading[data-id=\"2318556544\"] h3.full-bordered:before,\r\n                            .bit-pb-heading[data-id=\"2318556544\"] h3.full-bordered:after{\r\n                                border-color: #dd0000;\r\n                            }\r\n                        <\/style>[vc_column_text]Kameradschaft soll, muss und darf gepflegt werden. Der Kameradschaftsraum befindet sich im hinteren Teil des Zubaues.<\/p>\n<p>Sitzungen, Besprechungen und nat\u00fcrlich die eine oder andere Konsumation von Getr\u00e4nken und \u00dcbungen finden hier anklang.<\/p>\n<p>Warme Versorgung durch eine K\u00fcche welche 2019 erneuert worden ist k\u00f6nnen hier zubereitet werden.[\/vc_column_text][vc_gallery interval=&#8220;5&#8243; images=&#8220;1027,1028,1029,1030,1031,1032,1033,1034,1035,1036,1037&#8243; img_size=&#8220;large&#8220; onclick=&#8220;&#8220;][\/vc_column][\/vc_row][vc_row content_placement=&#8220;middle&#8220;][vc_column]<div data-id='1928009956' data-background-color='' data-icon-color='#000' data-heading-color='#000000' data-border-color='#dd0000' data-icon-position='left' data-heading-position='right' data-heading-tags='h3' class='bit-pb-heading'><h3  class=' full-bordered right-align bit14-heading' style=''>Atemschutzraum<\/h3><\/div><style>\r\n                            .bit-pb-heading[data-id=\"1928009956\"] h3.full-bordered:before,\r\n                            .bit-pb-heading[data-id=\"1928009956\"] h3.full-bordered:after{\r\n                                border-color: #dd0000;\r\n                            }\r\n                        <\/style>[vc_column_text]Hier werden nicht nur Flaschen gef\u00fcllt&#8230;.<\/p>\n<p>auch werden in diesem Raum s\u00e4mtliche Atemschutzger\u00e4te und Masken nach einem Einsatz oder \u00dcbung gereinigt, gewartet und instand gesetzt.<\/p>\n<p>Auch die Atemschutzf\u00fcllstation des Feuerwehrabschnittes &#8222;Unteres Drautal&#8220; befindet sich in Feistritz\/Drau. So werden von allen 15 Feuerwehren, sowie den 3 Betriebsfeuerwehren die Atemschutzflaschen (im Jahresschnitt um die 850 Flaschen) gef\u00fcllt.[\/vc_column_text][vc_gallery interval=&#8220;5&#8243; images=&#8220;1048,1049,1050,1051&#8243; img_size=&#8220;large&#8220; onclick=&#8220;&#8220;][\/vc_column][\/vc_row]<\/p>\n","protected":false},"excerpt":{"rendered":"<p>[vc_row content_placement=&#8220;middle&#8220;][vc_column][\/vc_column][\/vc_row][vc_row content_placement=&#8220;top&#8220;][vc_column][vc_single_image image=&#8220;923&#8243; img_size=&#8220;large&#8220; alignment=&#8220;center&#8220; style=&#8220;vc_box_rounded&#8220; onclick=&#8220;zoom&#8220; css_animation=&#8220;none&#8220;][\/vc_column][\/vc_row][vc_row content_placement=&#8220;middle&#8220;][vc_column][vc_column_text]Der [&hellip;]<\/p>\n","protected":false},"author":2,"featured_media":0,"parent":21,"menu_order":40,"comment_status":"closed","ping_status":"closed","template":"","meta":{"pgc_sgb_lightbox_settings":"","footnotes":""},"categories":[],"tags":[],"class_list":{"0":"post-204","1":"page","2":"type-page","3":"status-publish","5":"col-md-4 col-sm-4"},"_links":{"self":[{"href":"https:\/\/feuerwehr-feistritz.at\/index.php\/wp-json\/wp\/v2\/pages\/204","targetHints":{"allow":["GET"]}}],"collection":[{"href":"https:\/\/feuerwehr-feistritz.at\/index.php\/wp-json\/wp\/v2\/pages"}],"about":[{"href":"https:\/\/feuerwehr-feistritz.at\/index.php\/wp-json\/wp\/v2\/types\/page"}],"author":[{"embeddable":true,"href":"https:\/\/feuerwehr-feistritz.at\/index.php\/wp-json\/wp\/v2\/users\/2"}],"replies":[{"embeddable":true,"href":"https:\/\/feuerwehr-feistritz.at\/index.php\/wp-json\/wp\/v2\/comments?post=204"}],"version-history":[{"count":37,"href":"https:\/\/feuerwehr-feistritz.at\/index.php\/wp-json\/wp\/v2\/pages\/204\/revisions"}],"predecessor-version":[{"id":1056,"href":"https:\/\/feuerwehr-feistritz.at\/index.php\/wp-json\/wp\/v2\/pages\/204\/revisions\/1056"}],"up":[{"embeddable":true,"href":"https:\/\/feuerwehr-feistritz.at\/index.php\/wp-json\/wp\/v2\/pages\/21"}],"wp:attachment":[{"href":"https:\/\/feuerwehr-feistritz.at\/index.php\/wp-json\/wp\/v2\/media?parent=204"}],"wp:term":[{"taxonomy":"category","embeddable":true,"href":"https:\/\/feuerwehr-feistritz.at\/index.php\/wp-json\/wp\/v2\/categories?post=204"},{"taxonomy":"post_tag","embeddable":true,"href":"https:\/\/feuerwehr-feistritz.at\/index.php\/wp-json\/wp\/v2\/tags?post=204"}],"curies":[{"name":"wp","href":"https:\/\/api.w.org\/{rel}","templated":true}]}}