{"id":330,"date":"2021-12-27T10:43:18","date_gmt":"2021-12-27T10:43:18","guid":{"rendered":"https:\/\/neu.feuerwehr-feistritz.at\/?page_id=330"},"modified":"2026-03-29T16:18:23","modified_gmt":"2026-03-29T15:18:23","slug":"aktuelles-4","status":"publish","type":"page","link":"https:\/\/feuerwehr-feistritz.at\/","title":{"rendered":"Aktuelles"},"content":{"rendered":"<p>[vc_row][vc_column]<div data-id='2019113737' data-background-color='' data-icon-color='#000' data-heading-color='#000000' data-border-color='#dd3333' data-icon-position='left' data-heading-position='center' data-heading-tags='h3' class='bit-pb-heading'><h3  class=' full-bordered bit14-heading' style=''>Aktuelles<\/h3><\/div><style>\r\n                            .bit-pb-heading[data-id=\"2019113737\"] h3.full-bordered:before,\r\n                            .bit-pb-heading[data-id=\"2019113737\"] h3.full-bordered:after{\r\n                                border-color: #dd3333;\r\n                            }\r\n                        <\/style>[\/vc_column][\/vc_row][vc_row][vc_column][vc_single_image image=&#8220;6635&#8243; img_size=&#8220;large&#8220; alignment=&#8220;center&#8220;][\/vc_column][\/vc_row][vc_row][vc_column]  <div class=\"row\">\r\n                                    <style>\r\n                                        .advb7_81933 .post-content{height:240px;} .advb7_81933 .post-title a:hover{color:!important;}.advb7_81933 .awavc-post-item-4 .post-link li a:hover{background-color:!important;}.advb7_81933 .awavc-post-item-4 .read-more:hover{color:!important;}.advb7_81933 .awavc-post-item-4 .read-more::after{border-color:!important;} .advb7_81933 .awavc-post-item-4 .month::after{border-color:!important;}.advb7_81933 .awavc-post-item-4 .post-date::after,.advb7_81933  .awavc-post-item-4 .post-date::before {background-color: !important;}\r\n                                    <\/style>\r\n\r\n                                    <div class=\"col-md-4 col-sm-6 col-xs-12 clearfix advb7_81933  \" style=\"padding:px;margin-bottom:30px;\">\r\n                                        <div class=\"awavc-post-item-4\">\r\n                                            <div class=\"thumb\">\r\n                                                <img decoding=\"async\" style=\"height:250px;width:px;\" src=\"https:\/\/feuerwehr-feistritz.at\/wp-content\/uploads\/2026\/04\/WhatsApp-Image-2026-04-12-at-11.00.41.jpeg\" alt=\"\">\r\n                                            <\/div>\r\n                                            <div class=\"content\">\r\n                                                <h3 class=\"post-title\"><a href=\"https:\/\/feuerwehr-feistritz.at\/?post_type=post&p=6656\"  style=\"color:; font-size:20px; font-style:; font-weight:;\">Monats\u00fcbung April \u2013 Brand im Technikraum der Volksschule Feistritz\/Drau<\/a><\/h3>\r\n                                                <span class=\"post-date\" style=\"color:!important;\">13,Apr,26<\/span>\r\n                                                <p class=\"post-description\" style=\"color:; font-size:15px; font-style:;\" >Am Sonntag, dem 12. April, fand die Monats\u00fcbung der Freiwilligen Feuerwehr Feistritz\/Drau statt. In den&hellip;<\/p>\r\n                                                <a href=\"https:\/\/feuerwehr-feistritz.at\/?post_type=post&p=6656\" class=\"read-more\" style=\"color:#eeee22; font-size:13px; background-color:#dd3333;\">Weiterlesen <i class=\"fa fa-chevron-right\"><\/i> <\/a>\r\n                                            <\/div>\r\n                                        <\/div>\r\n                                    <\/div>\r\n\r\n                           \r\n                                    <style>\r\n                                        .advb7_45054 .post-content{height:240px;} .advb7_45054 .post-title a:hover{color:!important;}.advb7_45054 .awavc-post-item-4 .post-link li a:hover{background-color:!important;}.advb7_45054 .awavc-post-item-4 .read-more:hover{color:!important;}.advb7_45054 .awavc-post-item-4 .read-more::after{border-color:!important;} .advb7_45054 .awavc-post-item-4 .month::after{border-color:!important;}.advb7_45054 .awavc-post-item-4 .post-date::after,.advb7_45054  .awavc-post-item-4 .post-date::before {background-color: !important;}\r\n                                    <\/style>\r\n\r\n                                    <div class=\"col-md-4 col-sm-6 col-xs-12 clearfix advb7_45054  \" style=\"padding:px;margin-bottom:30px;\">\r\n                                        <div class=\"awavc-post-item-4\">\r\n                                            <div class=\"thumb\">\r\n                                                <img decoding=\"async\" style=\"height:250px;width:px;\" src=\"https:\/\/feuerwehr-feistritz.at\/wp-content\/uploads\/2026\/04\/WhatsApp-Image-2026-04-08-at-07.18.13-2.jpeg\" alt=\"\">\r\n                                            <\/div>\r\n                                            <div class=\"content\">\r\n                                                <h3 class=\"post-title\"><a href=\"https:\/\/feuerwehr-feistritz.at\/index.php\/einsatzberichte\/6639-b4-brand-wiese-feld-flur-gross-nikelsdorf\/\"  style=\"color:; font-size:20px; font-style:; font-weight:;\">B4, Brand Wiese\/Feld\/Flur gro\u00df, Nikelsdorf<\/a><\/h3>\r\n                                                <span class=\"post-date\" style=\"color:!important;\">07,Apr,26<\/span>\r\n                                                <p class=\"post-description\" style=\"color:; font-size:15px; font-style:;\" >Am sp\u00e4ten Nachmittag, gegen 17:16 Uhr, wurden wir gemeinsam mit den Feuerwehren Paternion, Ferndorf und&hellip;<\/p>\r\n                                                <a href=\"https:\/\/feuerwehr-feistritz.at\/index.php\/einsatzberichte\/6639-b4-brand-wiese-feld-flur-gross-nikelsdorf\/\" class=\"read-more\" style=\"color:#eeee22; font-size:13px; background-color:#dd3333;\">Weiterlesen <i class=\"fa fa-chevron-right\"><\/i> <\/a>\r\n                                            <\/div>\r\n                                        <\/div>\r\n                                    <\/div>\r\n\r\n                           \r\n                                    <style>\r\n                                        .advb7_12435 .post-content{height:240px;} .advb7_12435 .post-title a:hover{color:!important;}.advb7_12435 .awavc-post-item-4 .post-link li a:hover{background-color:!important;}.advb7_12435 .awavc-post-item-4 .read-more:hover{color:!important;}.advb7_12435 .awavc-post-item-4 .read-more::after{border-color:!important;} .advb7_12435 .awavc-post-item-4 .month::after{border-color:!important;}.advb7_12435 .awavc-post-item-4 .post-date::after,.advb7_12435  .awavc-post-item-4 .post-date::before {background-color: !important;}\r\n                                    <\/style>\r\n\r\n                                    <div class=\"col-md-4 col-sm-6 col-xs-12 clearfix advb7_12435  \" style=\"padding:px;margin-bottom:30px;\">\r\n                                        <div class=\"awavc-post-item-4\">\r\n                                            <div class=\"thumb\">\r\n                                                <img decoding=\"async\" style=\"height:250px;width:px;\" src=\"https:\/\/feuerwehr-feistritz.at\/wp-content\/uploads\/2026\/02\/IMG_1077.jpeg\" alt=\"\">\r\n                                            <\/div>\r\n                                            <div class=\"content\">\r\n                                                <h3 class=\"post-title\"><a href=\"https:\/\/feuerwehr-feistritz.at\/?post_type=post&p=6446\"  style=\"color:; font-size:20px; font-style:; font-weight:;\">Eisstockturnier der Gemeindefeuerwehren 2026<\/a><\/h3>\r\n                                                <span class=\"post-date\" style=\"color:!important;\">16,Feb,26<\/span>\r\n                                                <p class=\"post-description\" style=\"color:; font-size:15px; font-style:;\" >\"Stock Heil\" hie\u00df es heuer f\u00fcr die Gemeindefeuerwehren der Marktgemeinde Paternion!Am Sonntag, den 08.02.2026, fand&hellip;<\/p>\r\n                                                <a href=\"https:\/\/feuerwehr-feistritz.at\/?post_type=post&p=6446\" class=\"read-more\" style=\"color:#eeee22; font-size:13px; background-color:#dd3333;\">Weiterlesen <i class=\"fa fa-chevron-right\"><\/i> <\/a>\r\n                                            <\/div>\r\n                                        <\/div>\r\n                                    <\/div>\r\n\r\n                           \r\n                                    <style>\r\n                                        .advb7_96466 .post-content{height:240px;} .advb7_96466 .post-title a:hover{color:!important;}.advb7_96466 .awavc-post-item-4 .post-link li a:hover{background-color:!important;}.advb7_96466 .awavc-post-item-4 .read-more:hover{color:!important;}.advb7_96466 .awavc-post-item-4 .read-more::after{border-color:!important;} .advb7_96466 .awavc-post-item-4 .month::after{border-color:!important;}.advb7_96466 .awavc-post-item-4 .post-date::after,.advb7_96466  .awavc-post-item-4 .post-date::before {background-color: !important;}\r\n                                    <\/style>\r\n\r\n                                    <div class=\"col-md-4 col-sm-6 col-xs-12 clearfix advb7_96466  \" style=\"padding:px;margin-bottom:30px;\">\r\n                                        <div class=\"awavc-post-item-4\">\r\n                                            <div class=\"thumb\">\r\n                                                <img decoding=\"async\" style=\"height:250px;width:px;\" src=\"https:\/\/feuerwehr-feistritz.at\/wp-content\/uploads\/2026\/02\/WhatsApp-Image-2026-02-11-at-16.11.29-27.jpeg\" alt=\"\">\r\n                                            <\/div>\r\n                                            <div class=\"content\">\r\n                                                <h3 class=\"post-title\"><a href=\"https:\/\/feuerwehr-feistritz.at\/?post_type=post&p=6429\"  style=\"color:; font-size:20px; font-style:; font-weight:;\">21 Stunden, 4 Eins\u00e4tze, 4 mal A10 Tauernautobahn<\/a><\/h3>\r\n                                                <span class=\"post-date\" style=\"color:!important;\">11,Feb,26<\/span>\r\n                                                <p class=\"post-description\" style=\"color:; font-size:15px; font-style:;\" >10.02.2026 17:34 \u2013 19:00 Uhr Verkehrsunfall mit eingeklemmt Person Aufgrund der Situation - Medien berichteten&hellip;<\/p>\r\n                                                <a href=\"https:\/\/feuerwehr-feistritz.at\/?post_type=post&p=6429\" class=\"read-more\" style=\"color:#eeee22; font-size:13px; background-color:#dd3333;\">Weiterlesen <i class=\"fa fa-chevron-right\"><\/i> <\/a>\r\n                                            <\/div>\r\n                                        <\/div>\r\n                                    <\/div>\r\n\r\n                           \r\n                                    <style>\r\n                                        .advb7_80508 .post-content{height:240px;} .advb7_80508 .post-title a:hover{color:!important;}.advb7_80508 .awavc-post-item-4 .post-link li a:hover{background-color:!important;}.advb7_80508 .awavc-post-item-4 .read-more:hover{color:!important;}.advb7_80508 .awavc-post-item-4 .read-more::after{border-color:!important;} .advb7_80508 .awavc-post-item-4 .month::after{border-color:!important;}.advb7_80508 .awavc-post-item-4 .post-date::after,.advb7_80508  .awavc-post-item-4 .post-date::before {background-color: !important;}\r\n                                    <\/style>\r\n\r\n                                    <div class=\"col-md-4 col-sm-6 col-xs-12 clearfix advb7_80508  \" style=\"padding:px;margin-bottom:30px;\">\r\n                                        <div class=\"awavc-post-item-4\">\r\n                                            <div class=\"thumb\">\r\n                                                <img decoding=\"async\" style=\"height:250px;width:px;\" src=\"https:\/\/feuerwehr-feistritz.at\/wp-content\/uploads\/2026\/01\/Gemku_3.jpeg\" alt=\"\">\r\n                                            <\/div>\r\n                                            <div class=\"content\">\r\n                                                <h3 class=\"post-title\"><a href=\"https:\/\/feuerwehr-feistritz.at\/?post_type=post&p=6422\"  style=\"color:; font-size:20px; font-style:; font-weight:;\">Jahreshauptversammlung 2025, 05.01.2026<\/a><\/h3>\r\n                                                <span class=\"post-date\" style=\"color:!important;\">05,J\u00e4n,26<\/span>\r\n                                                <p class=\"post-description\" style=\"color:; font-size:15px; font-style:;\" >Am Freitag, dem 05. J\u00e4nner 2026 fand in den R\u00e4umlichkeiten des Feuerwehrhauses die Jahreshauptversammlung f\u00fcr&hellip;<\/p>\r\n                                                <a href=\"https:\/\/feuerwehr-feistritz.at\/?post_type=post&p=6422\" class=\"read-more\" style=\"color:#eeee22; font-size:13px; background-color:#dd3333;\">Weiterlesen <i class=\"fa fa-chevron-right\"><\/i> <\/a>\r\n                                            <\/div>\r\n                                        <\/div>\r\n                                    <\/div>\r\n\r\n                           \r\n                                    <style>\r\n                                        .advb7_96821 .post-content{height:240px;} .advb7_96821 .post-title a:hover{color:!important;}.advb7_96821 .awavc-post-item-4 .post-link li a:hover{background-color:!important;}.advb7_96821 .awavc-post-item-4 .read-more:hover{color:!important;}.advb7_96821 .awavc-post-item-4 .read-more::after{border-color:!important;} .advb7_96821 .awavc-post-item-4 .month::after{border-color:!important;}.advb7_96821 .awavc-post-item-4 .post-date::after,.advb7_96821  .awavc-post-item-4 .post-date::before {background-color: !important;}\r\n                                    <\/style>\r\n\r\n                                    <div class=\"col-md-4 col-sm-6 col-xs-12 clearfix advb7_96821  \" style=\"padding:px;margin-bottom:30px;\">\r\n                                        <div class=\"awavc-post-item-4\">\r\n                                            <div class=\"thumb\">\r\n                                                <img decoding=\"async\" style=\"height:250px;width:px;\" src=\"https:\/\/feuerwehr-feistritz.at\/wp-content\/uploads\/2026\/01\/WhatsApp-Image-2026-01-01-at-10.50.57.jpeg\" alt=\"\">\r\n                                            <\/div>\r\n                                            <div class=\"content\">\r\n                                                <h3 class=\"post-title\"><a href=\"https:\/\/feuerwehr-feistritz.at\/index.php\/einsatzberichte\/6407-2-brandeinsaetze-in-den-ersten-stunden-des-neuen-jahres-2026\/\"  style=\"color:; font-size:20px; font-style:; font-weight:;\">2 Brandeins\u00e4tze in den ersten Stunden des Neuen Jahres 2026<\/a><\/h3>\r\n                                                <span class=\"post-date\" style=\"color:!important;\">01,J\u00e4n,26<\/span>\r\n                                                <p class=\"post-description\" style=\"color:; font-size:15px; font-style:;\" >Ereignisreicher Neujahrstag f\u00fcr die Feuerwehr Feistritz\/Drau: Kaum war das Jahr 2025 verabschiedet, wurden wir bereits&hellip;<\/p>\r\n                                                <a href=\"https:\/\/feuerwehr-feistritz.at\/index.php\/einsatzberichte\/6407-2-brandeinsaetze-in-den-ersten-stunden-des-neuen-jahres-2026\/\" class=\"read-more\" style=\"color:#eeee22; font-size:13px; background-color:#dd3333;\">Weiterlesen <i class=\"fa fa-chevron-right\"><\/i> <\/a>\r\n                                            <\/div>\r\n                                        <\/div>\r\n                                    <\/div>\r\n\r\n                           \r\n                                    <style>\r\n                                        .advb7_30445 .post-content{height:240px;} .advb7_30445 .post-title a:hover{color:!important;}.advb7_30445 .awavc-post-item-4 .post-link li a:hover{background-color:!important;}.advb7_30445 .awavc-post-item-4 .read-more:hover{color:!important;}.advb7_30445 .awavc-post-item-4 .read-more::after{border-color:!important;} .advb7_30445 .awavc-post-item-4 .month::after{border-color:!important;}.advb7_30445 .awavc-post-item-4 .post-date::after,.advb7_30445  .awavc-post-item-4 .post-date::before {background-color: !important;}\r\n                                    <\/style>\r\n\r\n                                    <div class=\"col-md-4 col-sm-6 col-xs-12 clearfix advb7_30445  \" style=\"padding:px;margin-bottom:30px;\">\r\n                                        <div class=\"awavc-post-item-4\">\r\n                                            <div class=\"thumb\">\r\n                                                <img decoding=\"async\" style=\"height:250px;width:px;\" src=\"https:\/\/feuerwehr-feistritz.at\/wp-content\/uploads\/2025\/12\/WhatsApp-Image-2025-12-24-at-15.17.45-1.jpeg\" alt=\"\">\r\n                                            <\/div>\r\n                                            <div class=\"content\">\r\n                                                <h3 class=\"post-title\"><a href=\"https:\/\/feuerwehr-feistritz.at\/index.php\/einsatzberichte\/6398-verkehrsunfall-und-tueroeffnung-am-24-12\/\"  style=\"color:; font-size:20px; font-style:; font-weight:;\">Verkehrsunfall und T\u00fcr\u00f6ffnung am 24.12.<\/a><\/h3>\r\n                                                <span class=\"post-date\" style=\"color:!important;\">24,Dez,25<\/span>\r\n                                                <p class=\"post-description\" style=\"color:; font-size:15px; font-style:;\" >Am 24. Dezember 2025 wurde die Feuerwehr Pobersach Feffernitz und Feistritz\/Drau zu einer Wohnungs\u00f6ffnung nach&hellip;<\/p>\r\n                                                <a href=\"https:\/\/feuerwehr-feistritz.at\/index.php\/einsatzberichte\/6398-verkehrsunfall-und-tueroeffnung-am-24-12\/\" class=\"read-more\" style=\"color:#eeee22; font-size:13px; background-color:#dd3333;\">Weiterlesen <i class=\"fa fa-chevron-right\"><\/i> <\/a>\r\n                                            <\/div>\r\n                                        <\/div>\r\n                                    <\/div>\r\n\r\n                           \r\n                                    <style>\r\n                                        .advb7_18227 .post-content{height:240px;} .advb7_18227 .post-title a:hover{color:!important;}.advb7_18227 .awavc-post-item-4 .post-link li a:hover{background-color:!important;}.advb7_18227 .awavc-post-item-4 .read-more:hover{color:!important;}.advb7_18227 .awavc-post-item-4 .read-more::after{border-color:!important;} .advb7_18227 .awavc-post-item-4 .month::after{border-color:!important;}.advb7_18227 .awavc-post-item-4 .post-date::after,.advb7_18227  .awavc-post-item-4 .post-date::before {background-color: !important;}\r\n                                    <\/style>\r\n\r\n                                    <div class=\"col-md-4 col-sm-6 col-xs-12 clearfix advb7_18227  \" style=\"padding:px;margin-bottom:30px;\">\r\n                                        <div class=\"awavc-post-item-4\">\r\n                                            <div class=\"thumb\">\r\n                                                <img decoding=\"async\" style=\"height:250px;width:px;\" src=\"https:\/\/feuerwehr-feistritz.at\/wp-content\/uploads\/2025\/11\/WhatsApp-Image-2025-11-10-at-07.19.34-scaled.jpeg\" alt=\"\">\r\n                                            <\/div>\r\n                                            <div class=\"content\">\r\n                                                <h3 class=\"post-title\"><a href=\"https:\/\/feuerwehr-feistritz.at\/index.php\/einsatzberichte\/6382-b3-brand-hackguthaufen-poellan\/\"  style=\"color:; font-size:20px; font-style:; font-weight:;\">B3, Brand Hackguthaufen, P\u00f6llan<\/a><\/h3>\r\n                                                <span class=\"post-date\" style=\"color:!important;\">09,Nov,25<\/span>\r\n                                                <p class=\"post-description\" style=\"color:; font-size:15px; font-style:;\" >In den fr\u00fchen Morgenstunden gegen 05.33 Uhr wurden wir gemeinsam mit der Feuerwehr P\u00f6llan zu&hellip;<\/p>\r\n                                                <a href=\"https:\/\/feuerwehr-feistritz.at\/index.php\/einsatzberichte\/6382-b3-brand-hackguthaufen-poellan\/\" class=\"read-more\" style=\"color:#eeee22; font-size:13px; background-color:#dd3333;\">Weiterlesen <i class=\"fa fa-chevron-right\"><\/i> <\/a>\r\n                                            <\/div>\r\n                                        <\/div>\r\n                                    <\/div>\r\n\r\n                           \r\n                                    <style>\r\n                                        .advb7_556 .post-content{height:240px;} .advb7_556 .post-title a:hover{color:!important;}.advb7_556 .awavc-post-item-4 .post-link li a:hover{background-color:!important;}.advb7_556 .awavc-post-item-4 .read-more:hover{color:!important;}.advb7_556 .awavc-post-item-4 .read-more::after{border-color:!important;} .advb7_556 .awavc-post-item-4 .month::after{border-color:!important;}.advb7_556 .awavc-post-item-4 .post-date::after,.advb7_556  .awavc-post-item-4 .post-date::before {background-color: !important;}\r\n                                    <\/style>\r\n\r\n                                    <div class=\"col-md-4 col-sm-6 col-xs-12 clearfix advb7_556  \" style=\"padding:px;margin-bottom:30px;\">\r\n                                        <div class=\"awavc-post-item-4\">\r\n                                            <div class=\"thumb\">\r\n                                                <img decoding=\"async\" style=\"height:250px;width:px;\" src=\"https:\/\/feuerwehr-feistritz.at\/wp-content\/uploads\/2025\/09\/Wandertag-2025_227-scaled.jpg\" alt=\"\">\r\n                                            <\/div>\r\n                                            <div class=\"content\">\r\n                                                <h3 class=\"post-title\"><a href=\"https:\/\/feuerwehr-feistritz.at\/?post_type=post&p=6299\"  style=\"color:; font-size:20px; font-style:; font-weight:;\">Kameradschaft, Bewegung und Sonnenschein: Erfolgreicher Wandertag der Feuerwehren im Bezirk Villach-Land<\/a><\/h3>\r\n                                                <span class=\"post-date\" style=\"color:!important;\">17,Sep,25<\/span>\r\n                                                <p class=\"post-description\" style=\"color:; font-size:15px; font-style:;\" >Am Samstag, dem\u00a013. September 2025, fand der bereits\u00a015. Bezirkswandertag\u00a0der Feuerwehren im Bezirk Villach-Land statt \u2013&hellip;<\/p>\r\n                                                <a href=\"https:\/\/feuerwehr-feistritz.at\/?post_type=post&p=6299\" class=\"read-more\" style=\"color:#eeee22; font-size:13px; background-color:#dd3333;\">Weiterlesen <i class=\"fa fa-chevron-right\"><\/i> <\/a>\r\n                                            <\/div>\r\n                                        <\/div>\r\n                                    <\/div>\r\n\r\n                           <\/div> \r\n                 [\/vc_column][\/vc_row][vc_row][vc_column][vc_empty_space][vc_separator color=&#8220;juicy_pink&#8220; border_width=&#8220;3&#8243;][\/vc_column][\/vc_row][vc_row][vc_column][vc_single_image image=&#8220;4634&#8243; img_size=&#8220;Large&#8220; alignment=&#8220;center&#8220; style=&#8220;vc_box_rounded&#8220; onclick=&#8220;custom_link&#8220; img_link_target=&#8220;_blank&#8220; link=&#8220;https:\/\/feuerwehr-feistritz.at\/index.php\/2024\/05\/11\/in-eigener-sache\/&#8220;][vc_btn title=&#8220;IN EIGENER SACHE&#8220; style=&#8220;gradient&#8220; gradient_color_1=&#8220;juicy-pink&#8220; gradient_color_2=&#8220;orange&#8220; size=&#8220;lg&#8220; align=&#8220;center&#8220; i_icon_fontawesome=&#8220;fas fa-info-circle&#8220; button_block=&#8220;true&#8220; add_icon=&#8220;true&#8220; custom_onclick=&#8220;true&#8220; link=&#8220;url:https%3A%2F%2Ffeuerwehr-feistritz.at%2Findex.php%2F2024%2F05%2F11%2Fin-eigener-sache%2F|title:IN%20EIGENER%20SACHE&#8220; css=&#8220;.vc_custom_1722885955024{background-position: center !important;background-repeat: no-repeat !important;background-size: contain !important;}&#8220;][vc_separator color=&#8220;juicy_pink&#8220; border_width=&#8220;3&#8243;][\/vc_column][\/vc_row]<\/p>\n","protected":false},"excerpt":{"rendered":"<p>[vc_row][vc_column][\/vc_column][\/vc_row][vc_row][vc_column][vc_single_image image=&#8220;6635&#8243; img_size=&#8220;large&#8220; alignment=&#8220;center&#8220;][\/vc_column][\/vc_row][vc_row][vc_column][\/vc_column][\/vc_row][vc_row][vc_column][vc_empty_space][vc_separator color=&#8220;juicy_pink&#8220; border_width=&#8220;3&#8243;][\/vc_column][\/vc_row][vc_row][vc_column][vc_single_image image=&#8220;4634&#8243; img_size=&#8220;Large&#8220; alignment=&#8220;center&#8220; style=&#8220;vc_box_rounded&#8220; [&hellip;]<\/p>\n","protected":false},"author":2,"featured_media":0,"parent":0,"menu_order":5,"comment_status":"closed","ping_status":"closed","template":"","meta":{"pgc_sgb_lightbox_settings":"","footnotes":""},"categories":[],"tags":[],"class_list":["post-330","page","type-page","status-publish","hentry","col-md-4 col-sm-4"],"_links":{"self":[{"href":"https:\/\/feuerwehr-feistritz.at\/index.php\/wp-json\/wp\/v2\/pages\/330","targetHints":{"allow":["GET"]}}],"collection":[{"href":"https:\/\/feuerwehr-feistritz.at\/index.php\/wp-json\/wp\/v2\/pages"}],"about":[{"href":"https:\/\/feuerwehr-feistritz.at\/index.php\/wp-json\/wp\/v2\/types\/page"}],"author":[{"embeddable":true,"href":"https:\/\/feuerwehr-feistritz.at\/index.php\/wp-json\/wp\/v2\/users\/2"}],"replies":[{"embeddable":true,"href":"https:\/\/feuerwehr-feistritz.at\/index.php\/wp-json\/wp\/v2\/comments?post=330"}],"version-history":[{"count":89,"href":"https:\/\/feuerwehr-feistritz.at\/index.php\/wp-json\/wp\/v2\/pages\/330\/revisions"}],"predecessor-version":[{"id":6637,"href":"https:\/\/feuerwehr-feistritz.at\/index.php\/wp-json\/wp\/v2\/pages\/330\/revisions\/6637"}],"wp:attachment":[{"href":"https:\/\/feuerwehr-feistritz.at\/index.php\/wp-json\/wp\/v2\/media?parent=330"}],"wp:term":[{"taxonomy":"category","embeddable":true,"href":"https:\/\/feuerwehr-feistritz.at\/index.php\/wp-json\/wp\/v2\/categories?post=330"},{"taxonomy":"post_tag","embeddable":true,"href":"https:\/\/feuerwehr-feistritz.at\/index.php\/wp-json\/wp\/v2\/tags?post=330"}],"curies":[{"name":"wp","href":"https:\/\/api.w.org\/{rel}","templated":true}]}}